{"id":5,"date":"2023-02-23T09:18:21","date_gmt":"2023-02-23T09:18:21","guid":{"rendered":"https:\/\/gcprojekt.com.pl\/?page_id=5"},"modified":"2023-02-23T09:19:21","modified_gmt":"2023-02-23T09:19:21","slug":"o-nas","status":"publish","type":"page","link":"https:\/\/gcprojekt.com.pl\/","title":{"rendered":"O nas"},"content":{"rendered":"<p style=\"margin: 0cm; margin-bottom: .0001pt; text-align: justify; line-height: 15.95pt;\"><span style=\"font-family: 'Helvetica','sans-serif'; color: #333333;\">Firma GC\u2013PROJEKT jest obecna na rynku biur projektowych od 2011 roku.<\/span><\/p>\n<p style=\"margin: 0cm; margin-bottom: .0001pt; text-align: justify; line-height: 15.95pt;\"><span style=\"font-family: 'Helvetica','sans-serif'; color: #333333;\">Zajmujemy si\u0119 kompleksow\u0105 obs\u0142ug\u0105 inwestycji budowlanych. Prowadzimy Inwestora przez proces inwestycji od decyzji o ustaleniu warunk\u00f3w zabudowy do uzyskania pozwolenia na u\u017cytkowanie lub zako\u0144czenia budowy. Wykonujemy projekty budowlane dla inwestycji kubaturowych, terenowych i drogowych. Wsp\u00f3\u0142pracujemy z konsultantami oraz projektantami bran\u017c niezb\u0119dnych w procesie budowlanym takich jak: sieci i instalacje wodno\u2013kanalizacyjne, gazowe, ogrzewania, wentylacyjne, elektryczne, teletechniczne itp.<\/span><\/p>\n<p>&nbsp;<\/p>\n<p style=\"margin: 0cm; margin-bottom: .0001pt; text-align: justify; line-height: 15.95pt;\">Lokalizacja<\/p>\n<p>&nbsp;<\/p>\n<p><iframe loading=\"lazy\" style=\"border: 0;\" src=\"https:\/\/www.google.com\/maps\/embed?pb=!1m17!1m11!1m3!1d376.0350974015011!2d21.412323646435542!3d50.04888872164567!2m2!1f0!2f0!3m2!1i1024!2i768!4f13.1!3m3!1m2!1s0x473d0a27b429452f%3A0x45e887d42376b7d4!2sGC-PROJEKT+Grzegorz+Cie%C5%9Blikowski!5e1!3m2!1spl!2spl!4v1520851571642\" width=\"700\" height=\"450\" frameborder=\"0\" allowfullscreen=\"allowfullscreen\"><\/iframe><\/p>\n","protected":false},"excerpt":{"rendered":"<p>Firma GC\u2013PROJEKT jest obecna na rynku biur projektowych od 2011 roku. Zajmujemy si\u0119 kompleksow\u0105 obs\u0142ug\u0105 inwestycji budowlanych. Prowadzimy Inwestora przez proces inwestycji od decyzji o ustaleniu warunk\u00f3w zabudowy do uzyskania pozwolenia na u\u017cytkowanie lub zako\u0144czenia budowy. Wykonujemy projekty budowlane dla inwestycji kubaturowych, terenowych i drogowych. Wsp\u00f3\u0142pracujemy z konsultantami oraz projektantami bran\u017c niezb\u0119dnych w procesie budowlanym &hellip; <a href=\"https:\/\/gcprojekt.com.pl\/\" class=\"more-link\">Czytaj dalej <span class=\"screen-reader-text\">O nas<\/span><\/a><\/p>\n","protected":false},"author":1,"featured_media":0,"parent":0,"menu_order":0,"comment_status":"closed","ping_status":"closed","template":"","meta":{"footnotes":""},"class_list":["post-5","page","type-page","status-publish","hentry"],"_links":{"self":[{"href":"https:\/\/gcprojekt.com.pl\/index.php?rest_route=\/wp\/v2\/pages\/5","targetHints":{"allow":["GET"]}}],"collection":[{"href":"https:\/\/gcprojekt.com.pl\/index.php?rest_route=\/wp\/v2\/pages"}],"about":[{"href":"https:\/\/gcprojekt.com.pl\/index.php?rest_route=\/wp\/v2\/types\/page"}],"author":[{"embeddable":true,"href":"https:\/\/gcprojekt.com.pl\/index.php?rest_route=\/wp\/v2\/users\/1"}],"replies":[{"embeddable":true,"href":"https:\/\/gcprojekt.com.pl\/index.php?rest_route=%2Fwp%2Fv2%2Fcomments&post=5"}],"version-history":[{"count":2,"href":"https:\/\/gcprojekt.com.pl\/index.php?rest_route=\/wp\/v2\/pages\/5\/revisions"}],"predecessor-version":[{"id":7,"href":"https:\/\/gcprojekt.com.pl\/index.php?rest_route=\/wp\/v2\/pages\/5\/revisions\/7"}],"wp:attachment":[{"href":"https:\/\/gcprojekt.com.pl\/index.php?rest_route=%2Fwp%2Fv2%2Fmedia&parent=5"}],"curies":[{"name":"wp","href":"https:\/\/api.w.org\/{rel}","templated":true}]}}